{"id":6,"date":"2016-05-17T20:02:34","date_gmt":"2016-05-17T19:02:34","guid":{"rendered":"https:\/\/www.nomad-box.fr\/?page_id=6"},"modified":"2023-12-04T10:18:06","modified_gmt":"2023-12-04T09:18:06","slug":"demenageur","status":"publish","type":"page","link":"https:\/\/www.nomad-box.fr\/","title":{"rendered":"Nomad-box d\u00e9m\u00e9nageur \u00e0 Lens"},"content":{"rendered":"\n<p>Un <a href=\"https:\/\/www.demenageur.com\/devis-demenagement\/\">devis gratuit de d\u00e9m\u00e9nagement<\/a> doit \u00eatre propos\u00e9 par une entreprise de d\u00e9m\u00e9nagement si un client voudrait d\u00e9m\u00e9nager.<\/p>\n\n\n\n<h2 class=\"wp-block-heading\">Pourquoi d\u00e9m\u00e9nager ?<\/h2>\n\n\n\n<p>Chaque personne a d\u00e9j\u00e0 d\u00e9m\u00e9nag\u00e9 au moins une fois dans sa vie, mais les raisons qui ont pouss\u00e9 chacun \u00e0 le faire sont diff\u00e9rentes. Les raisons d\u2019un d\u00e9m\u00e9nagement <a href=\"https:\/\/www.demenageur.com\">demenageur.com<\/a>&nbsp;peuvent \u00eatre tr\u00e8s nombreuses, que ce soit pour une raison professionnelle c\u2019est-\u00e0-dire la recherche d\u2019une meilleure qualit\u00e9 de vie ailleurs par l\u2019obtention d\u2019une promotion. Cela peut \u00eatre aussi \u00e0 cause des raisons de sant\u00e9, l\u2019endroit o\u00f9 l\u2019on vivait pr\u00e9c\u00e9demment est devenu trop pollu\u00e9 ou trop insalubre pour pouvoir y rester. La cause du d\u00e9m\u00e9nagement peut \u00eatre aussi due \u00e0 une catastrophe naturelle qui rend le foyer actuel inhabitable et inutilisable. Ou peut \u00eatre tout simplement le choix de changer compl\u00e8tement de vie, de tout recommencer ailleurs peut entrainer une personne ou une famille \u00e0 d\u00e9m\u00e9nager. Les raisons familiales peuvent aussi amener \u00e0 un d\u00e9m\u00e9nagement comme un divorce, un mariage et bien d\u2019autres choses encore. Et dans les plus habituel des cas, quitter le nid familiale afin d\u2019entreprendre et de mener une vie d\u2019adulte, ou bien pour aller faire des \u00e9tudes sup\u00e9rieures et louer un appartement qui est plus proche de l\u2019\u00e9tablissement pour \u00e9tudier.<\/p>\n\n\n\n<h2 class=\"wp-block-heading\">Les diff\u00e9rentes \u00e9tapes d\u2019un d\u00e9m\u00e9nagement<\/h2>\n\n\n\n<p>Pour bien r\u00e9ussir son d\u00e9m\u00e9nagement il faut \u00eatre bien organis\u00e9 et avoir un plan d\u2019attaque pour chaque types de t\u00e2ches \u00e0 effectuer. Pour se faire, il faut bien respecter les trois grandes \u00e9tapes du d\u00e9m\u00e9nagement et de bien les suivre \u00e0 la lettre. La premi\u00e8re \u00e9tape \u00e0 n\u2019est autre que l\u2019empaquetage et le chargement des objets. Pour cette \u00e9tape, il faut emballer les objets dans des sacs plastiques pour les petits objets car ils ne peuvent pas \u00eatre transport\u00e9s individuellement. Pour les objets fragiles comme les bibelots ils sont emball\u00e9s dans des papiers \u00e0 bulles ou dans des journaux pour limiter les chocs lors du trajet. Pour facilit\u00e9 et aid\u00e9 le d\u00e9m\u00e9nageur \u00e0 ne pas se perdre, on peut mettre des petites \u00e9tiquettes sur les <a href=\"https:\/\/www.demenageur.com\/carton-demenagement\/\">carton demenagement<\/a>&nbsp;ou m\u00eame \u00e9crire avec une feutre une petite note qui indique les contenues de chaque cartons. Si le tous est empaqueter et emballer on peut alors faire le chargement des affaires dans le v\u00e9hicule qui les transportera. Vient ensuite l\u2019\u00e9tape du transport, le mode de transport peut \u00eatre choisi selon la distance et selon le moyen du d\u00e9m\u00e9nageur. Le moyen de transport peut \u00eatre un camion, c\u2019est celui qui est le plus pratique, ou une voiture personnel peut aussi faire l\u2019affaire ; on peut m\u00eame utiliser un v\u00e9lo si le lieu est tr\u00e8s proche et si il n\u2019y a pas beaucoup de choses \u00e0 transporter. Et pour terminer le d\u00e9m\u00e9nagement, vient le d\u00e9chargement et le d\u00e9paquetage des objets. Lorsqu\u2019on arrive \u00e0 destination il ne suffit plus qu\u2019\u00e0 d\u00e9baller et \u00e0 ranger tous les affaires emport\u00e9.<\/p>\n\n\n\n<h2 class=\"wp-block-heading\">Les aides que pourrait apporter les entreprises de d\u00e9m\u00e9nagement au d\u00e9m\u00e9nageur.<\/h2>\n\n\n\n<p>Un d\u00e9m\u00e9nagement n\u2019est sans aucun doute une partie de plaisir pour aucune personne. C\u2019est une \u00e9tape tr\u00e8s stressante avec beaucoup de contraintes comme la dur\u00e9e de temps \u00e0 respecter pour emporter tous les meubles, les objets \u00e0 choisir pour partir et les objets qui doivent rester, etc. On ne sait plus o\u00f9 donner de la t\u00eate pour les affaires \u00e0 emporter car tous les bidules accumul\u00e9s durant toutes les ann\u00e9es sont pr\u00e9cieux aux yeux de chaque propri\u00e9taire ; faire le tri qui est une chose assez banale est devenue une source d\u2019angoisse et d\u2019\u00e9nervement. Ainsi, faire appel \u00e0 une entreprise de d\u00e9m\u00e9nagement serait la meilleure solution pour r\u00e9soudre tout ces soucis. En tant que professionnel ils sauraient faire face \u00e0 cette situation tr\u00e8s vite et r\u00e9soudre le probl\u00e8me rapidement. Pour bien travailler, les clients doivent juste donn\u00e9 leurs instructions pour savoir quels objets ou quels meubles les d\u00e9m\u00e9nageurs doivent prendre. Etant expert dans ce domaine, ils ont tous les outils et les mat\u00e9riaux n\u00e9cessaires pour pouvoir emballer rapidement et sans aucune inqui\u00e9tude que les objets class\u00e9s dans la cat\u00e9gorie de fragile se brisent. Ceux sont les employ\u00e9s de l\u2019entreprise qui chargent tous les cartons de d\u00e9m\u00e9nagement dans le camion de d\u00e9m\u00e9nagement. Une entreprise de d\u00e9m\u00e9nagement qui se respecte doit s\u2019assurer que tous les affaires seront arriv\u00e9es \u00e0 destination. Le moyen de transport est enti\u00e8rement assur\u00e9 et \u00e0 la charge de l\u2019entreprise de d\u00e9m\u00e9nagement. Enfin, les objets arriv\u00e9s, les ouvriers les d\u00e9chargent et les d\u00e9ballent. Une entreprise de d\u00e9m\u00e9nagement assure et prend en main tous les aspects du d\u00e9m\u00e9nagement, pour faciliter la vie \u00e0 ces clients et leurs assurer un bon service.<\/p>\n","protected":false},"excerpt":{"rendered":"<p>Un devis gratuit de d\u00e9m\u00e9nagement doit \u00eatre propos\u00e9 par une entreprise de d\u00e9m\u00e9nagement si un client voudrait d\u00e9m\u00e9nager. Pourquoi d\u00e9m\u00e9nager ? Chaque personne a d\u00e9j\u00e0 d\u00e9m\u00e9nag\u00e9 au moins une fois dans sa vie, mais les raisons qui ont pouss\u00e9 chacun \u00e0 le faire sont diff\u00e9rentes. Les raisons d\u2019un d\u00e9m\u00e9nagement demenageur.com&nbsp;peuvent \u00eatre tr\u00e8s nombreuses, que ce &hellip; <a href=\"https:\/\/www.nomad-box.fr\/\" class=\"more-link\">Continuer la lecture<span class=\"screen-reader-text\"> de &laquo;&nbsp;Nomad-box d\u00e9m\u00e9nageur \u00e0 Lens&nbsp;&raquo;<\/span><\/a><\/p>\n","protected":false},"author":1,"featured_media":0,"parent":0,"menu_order":0,"comment_status":"closed","ping_status":"closed","template":"","meta":{"_seopress_robots_primary_cat":"","_seopress_titles_title":"","_seopress_titles_desc":"","_seopress_robots_index":"","footnotes":""},"class_list":["post-6","page","type-page","status-publish","hentry"],"_links":{"self":[{"href":"https:\/\/www.nomad-box.fr\/index.php\/wp-json\/wp\/v2\/pages\/6","targetHints":{"allow":["GET"]}}],"collection":[{"href":"https:\/\/www.nomad-box.fr\/index.php\/wp-json\/wp\/v2\/pages"}],"about":[{"href":"https:\/\/www.nomad-box.fr\/index.php\/wp-json\/wp\/v2\/types\/page"}],"author":[{"embeddable":true,"href":"https:\/\/www.nomad-box.fr\/index.php\/wp-json\/wp\/v2\/users\/1"}],"replies":[{"embeddable":true,"href":"https:\/\/www.nomad-box.fr\/index.php\/wp-json\/wp\/v2\/comments?post=6"}],"version-history":[{"count":5,"href":"https:\/\/www.nomad-box.fr\/index.php\/wp-json\/wp\/v2\/pages\/6\/revisions"}],"predecessor-version":[{"id":14,"href":"https:\/\/www.nomad-box.fr\/index.php\/wp-json\/wp\/v2\/pages\/6\/revisions\/14"}],"wp:attachment":[{"href":"https:\/\/www.nomad-box.fr\/index.php\/wp-json\/wp\/v2\/media?parent=6"}],"curies":[{"name":"wp","href":"https:\/\/api.w.org\/{rel}","templated":true}]}}